{"id":98,"date":"2025-11-02T14:30:08","date_gmt":"2025-11-02T17:30:08","guid":{"rendered":"https:\/\/komix.com.br\/Eldorath\/?page_id=98"},"modified":"2025-11-02T14:30:08","modified_gmt":"2025-11-02T17:30:08","slug":"aldren-valmor-o-mercador-da-paz","status":"publish","type":"page","link":"https:\/\/komix.com.br\/Eldorath\/aldren-valmor-o-mercador-da-paz\/","title":{"rendered":"Aldren Valmor \u2014 O Mercador da Paz"},"content":{"rendered":"<p style=\"text-align: justify;\"><span style=\"font-weight: 400;\">Entre os humanos de Vorthalis, o nome mais cotado para suceder o rei \u00e9 <\/span><b>Aldren Valmor<\/b><span style=\"font-weight: 400;\">, l\u00edder do Cl\u00e3 do Com\u00e9rcio. <\/span><span style=\"font-weight: 400;\">Homem carism\u00e1tico e de fala suave, viaja constantemente entre as cidades subterr\u00e2neas, firmando tratados e parcerias. <\/span><span style=\"font-weight: 400;\">\u00c9 considerado o mais diplom\u00e1tico entre os poss\u00edveis sucessores \u2014 um homem de ideais, mas tamb\u00e9m de ast\u00facia.<\/span><span style=\"font-weight: 400;\"><br \/>\n<\/span><span style=\"font-weight: 400;\"> Sua ascens\u00e3o, por\u00e9m, <\/span><b>incomoda profundamente o rei Borin<\/b><span style=\"font-weight: 400;\">, que v\u00ea nele um governante fraco, incapaz de proteger Vorthalis com o mesmo pulso firme que ele imp\u00f4s.<\/span><\/p>\n","protected":false},"excerpt":{"rendered":"<p>Entre os humanos de Vorthalis, o nome mais cotado para suceder o rei \u00e9 Aldren Valmor, l\u00edder do Cl\u00e3 do Com\u00e9rcio. Homem carism\u00e1tico e de fala suave, viaja constantemente entre as cidades subterr\u00e2neas, firmando tratados e parcerias. \u00c9 considerado o mais diplom\u00e1tico entre os poss\u00edveis sucessores \u2014 um homem de [&hellip;]<\/p>\n","protected":false},"author":1,"featured_media":0,"parent":0,"menu_order":0,"comment_status":"closed","ping_status":"closed","template":"","meta":{"_themeisle_gutenberg_block_has_review":false,"footnotes":""},"class_list":["post-98","page","type-page","status-publish","hentry"],"_links":{"self":[{"href":"https:\/\/komix.com.br\/Eldorath\/wp-json\/wp\/v2\/pages\/98","targetHints":{"allow":["GET"]}}],"collection":[{"href":"https:\/\/komix.com.br\/Eldorath\/wp-json\/wp\/v2\/pages"}],"about":[{"href":"https:\/\/komix.com.br\/Eldorath\/wp-json\/wp\/v2\/types\/page"}],"author":[{"embeddable":true,"href":"https:\/\/komix.com.br\/Eldorath\/wp-json\/wp\/v2\/users\/1"}],"replies":[{"embeddable":true,"href":"https:\/\/komix.com.br\/Eldorath\/wp-json\/wp\/v2\/comments?post=98"}],"version-history":[{"count":1,"href":"https:\/\/komix.com.br\/Eldorath\/wp-json\/wp\/v2\/pages\/98\/revisions"}],"predecessor-version":[{"id":99,"href":"https:\/\/komix.com.br\/Eldorath\/wp-json\/wp\/v2\/pages\/98\/revisions\/99"}],"wp:attachment":[{"href":"https:\/\/komix.com.br\/Eldorath\/wp-json\/wp\/v2\/media?parent=98"}],"curies":[{"name":"wp","href":"https:\/\/api.w.org\/{rel}","templated":true}]}}