{"id":96,"date":"2025-11-02T14:29:08","date_gmt":"2025-11-02T17:29:08","guid":{"rendered":"https:\/\/komix.com.br\/Eldorath\/?page_id=96"},"modified":"2025-11-02T14:29:08","modified_gmt":"2025-11-02T17:29:08","slug":"o-rei-borin-drunmartelo","status":"publish","type":"page","link":"https:\/\/komix.com.br\/Eldorath\/o-rei-borin-drunmartelo\/","title":{"rendered":"O rei Borin Drunmartelo"},"content":{"rendered":"<p><span style=\"font-weight: 400;\">Vorthalis \u00e9 atualmente governada por <\/span><b>Borin Drunmartelo<\/b><span style=\"font-weight: 400;\">, um rei de temperamento severo e postura implac\u00e1vel. <\/span><\/p>\n<p style=\"text-align: justify;\"><span style=\"font-weight: 400;\">Forjado em uma linhagem de guerreiros e estrategistas, Borin acredita que a for\u00e7a militar \u00e9 o alicerce da prosperidade. <\/span><span style=\"font-weight: 400;\">Seu governo \u00e9 marcado por <\/span><b>disciplinas r\u00edgidas<\/b><span style=\"font-weight: 400;\">, <\/span><b>reformas no ex\u00e9rcito<\/b><span style=\"font-weight: 400;\"> e pela constru\u00e7\u00e3o de <\/span><b>novas fortalezas subterr\u00e2neas<\/b><span style=\"font-weight: 400;\"> para proteger a cidade das tempestades e poss\u00edveis invas\u00f5es.<\/span><\/p>\n","protected":false},"excerpt":{"rendered":"<p>Vorthalis \u00e9 atualmente governada por Borin Drunmartelo, um rei de temperamento severo e postura implac\u00e1vel. Forjado em uma linhagem de guerreiros e estrategistas, Borin acredita que a for\u00e7a militar \u00e9 o alicerce da prosperidade. Seu governo \u00e9 marcado por disciplinas r\u00edgidas, reformas no ex\u00e9rcito e pela constru\u00e7\u00e3o de novas fortalezas [&hellip;]<\/p>\n","protected":false},"author":1,"featured_media":0,"parent":0,"menu_order":0,"comment_status":"closed","ping_status":"closed","template":"","meta":{"_themeisle_gutenberg_block_has_review":false,"footnotes":""},"class_list":["post-96","page","type-page","status-publish","hentry"],"_links":{"self":[{"href":"https:\/\/komix.com.br\/Eldorath\/wp-json\/wp\/v2\/pages\/96","targetHints":{"allow":["GET"]}}],"collection":[{"href":"https:\/\/komix.com.br\/Eldorath\/wp-json\/wp\/v2\/pages"}],"about":[{"href":"https:\/\/komix.com.br\/Eldorath\/wp-json\/wp\/v2\/types\/page"}],"author":[{"embeddable":true,"href":"https:\/\/komix.com.br\/Eldorath\/wp-json\/wp\/v2\/users\/1"}],"replies":[{"embeddable":true,"href":"https:\/\/komix.com.br\/Eldorath\/wp-json\/wp\/v2\/comments?post=96"}],"version-history":[{"count":1,"href":"https:\/\/komix.com.br\/Eldorath\/wp-json\/wp\/v2\/pages\/96\/revisions"}],"predecessor-version":[{"id":97,"href":"https:\/\/komix.com.br\/Eldorath\/wp-json\/wp\/v2\/pages\/96\/revisions\/97"}],"wp:attachment":[{"href":"https:\/\/komix.com.br\/Eldorath\/wp-json\/wp\/v2\/media?parent=96"}],"curies":[{"name":"wp","href":"https:\/\/api.w.org\/{rel}","templated":true}]}}