{"id":94,"date":"2025-11-02T14:28:24","date_gmt":"2025-11-02T17:28:24","guid":{"rendered":"https:\/\/komix.com.br\/Eldorath\/?page_id=94"},"modified":"2025-11-02T14:28:24","modified_gmt":"2025-11-02T17:28:24","slug":"loric-veloren-o-bastardo-de-sangue-partido","status":"publish","type":"page","link":"https:\/\/komix.com.br\/Eldorath\/loric-veloren-o-bastardo-de-sangue-partido\/","title":{"rendered":"Loric Veloren \u2014 O Bastardo de Sangue Partido"},"content":{"rendered":"<p style=\"text-align: justify;\"><span style=\"font-weight: 400;\">O irm\u00e3o do meio, <\/span><b>Loric<\/b><span style=\"font-weight: 400;\">, nasceu de uma aventura extraconjugal do pai dos Drunmartelo <\/span><span style=\"font-weight: 400;\"><br \/>\n<\/span><span style=\"font-weight: 400;\">Carrega no corpo uma leve deformidade \u2014 e no cora\u00e7\u00e3o o peso de n\u00e3o pertencer totalmente a nenhum dos dois mundos. <\/span><span style=\"font-weight: 400;\">Por isso, manteve-se distante do militarismo e encontrou prop\u00f3sito no <\/span><b>cl\u00e3 do com\u00e9rcio<\/b><span style=\"font-weight: 400;\">, buscando alian\u00e7as e conhecimento nas rotas subterr\u00e2neas. <\/span><span style=\"font-weight: 400;\">\u00c9 sagaz, diplom\u00e1tico e vision\u00e1rio, acreditando que o futuro de Vorthalis est\u00e1 na coopera\u00e7\u00e3o e n\u00e3o na guerra.<\/span><\/p>\n","protected":false},"excerpt":{"rendered":"<p>O irm\u00e3o do meio, Loric, nasceu de uma aventura extraconjugal do pai dos Drunmartelo Carrega no corpo uma leve deformidade \u2014 e no cora\u00e7\u00e3o o peso de n\u00e3o pertencer totalmente a nenhum dos dois mundos. Por isso, manteve-se distante do militarismo e encontrou prop\u00f3sito no cl\u00e3 do com\u00e9rcio, buscando alian\u00e7as [&hellip;]<\/p>\n","protected":false},"author":1,"featured_media":0,"parent":0,"menu_order":0,"comment_status":"closed","ping_status":"closed","template":"","meta":{"_themeisle_gutenberg_block_has_review":false,"footnotes":""},"class_list":["post-94","page","type-page","status-publish","hentry"],"_links":{"self":[{"href":"https:\/\/komix.com.br\/Eldorath\/wp-json\/wp\/v2\/pages\/94","targetHints":{"allow":["GET"]}}],"collection":[{"href":"https:\/\/komix.com.br\/Eldorath\/wp-json\/wp\/v2\/pages"}],"about":[{"href":"https:\/\/komix.com.br\/Eldorath\/wp-json\/wp\/v2\/types\/page"}],"author":[{"embeddable":true,"href":"https:\/\/komix.com.br\/Eldorath\/wp-json\/wp\/v2\/users\/1"}],"replies":[{"embeddable":true,"href":"https:\/\/komix.com.br\/Eldorath\/wp-json\/wp\/v2\/comments?post=94"}],"version-history":[{"count":1,"href":"https:\/\/komix.com.br\/Eldorath\/wp-json\/wp\/v2\/pages\/94\/revisions"}],"predecessor-version":[{"id":95,"href":"https:\/\/komix.com.br\/Eldorath\/wp-json\/wp\/v2\/pages\/94\/revisions\/95"}],"wp:attachment":[{"href":"https:\/\/komix.com.br\/Eldorath\/wp-json\/wp\/v2\/media?parent=94"}],"curies":[{"name":"wp","href":"https:\/\/api.w.org\/{rel}","templated":true}]}}