{"id":88,"date":"2025-11-02T14:27:10","date_gmt":"2025-11-02T17:27:10","guid":{"rendered":"https:\/\/komix.com.br\/Eldorath\/?page_id=88"},"modified":"2025-11-02T14:27:10","modified_gmt":"2025-11-02T17:27:10","slug":"%e2%9a%94%ef%b8%8f-thrain-drunmartelo-o-machado-silencioso","status":"publish","type":"page","link":"https:\/\/komix.com.br\/Eldorath\/%e2%9a%94%ef%b8%8f-thrain-drunmartelo-o-machado-silencioso\/","title":{"rendered":"\u2694\ufe0f Thrain Drunmartelo \u2014 O Machado Silencioso"},"content":{"rendered":"<p style=\"text-align: justify;\">Irm\u00e3o mais novo do rei, <strong data-start=\"251\" data-end=\"261\">Thrain<\/strong> \u00e9 um dos guerreiros mais respeitados de <strong data-start=\"302\" data-end=\"315\">Vorthalis<\/strong>.<br data-start=\"316\" data-end=\"319\" data-is-only-node=\"\" \/>Treina o ex\u00e9rcito pessoalmente, e seu nome inspira tanto <strong data-start=\"376\" data-end=\"402\">temor quanto admira\u00e7\u00e3o<\/strong> at\u00e9 nos reinos vizinhos.<br data-start=\"427\" data-end=\"430\" \/>Apesar da natureza feroz em combate, fora do campo de batalha \u00e9 um homem simples \u2014 gosta de <strong data-start=\"522\" data-end=\"544\">ca\u00e7ar nas cavernas<\/strong> e de <strong data-start=\"550\" data-end=\"579\">preparar a pr\u00f3pria comida<\/strong>.<br data-start=\"580\" data-end=\"583\" \/>Mant\u00e9m-se distante das intrigas pol\u00edticas, <strong data-start=\"626\" data-end=\"658\">preferindo o a\u00e7o \u00e0s palavras<\/strong>.<br data-start=\"659\" data-end=\"662\" \/>Sua lealdade ao irm\u00e3o \u00e9 inabal\u00e1vel, ainda que nem sempre <strong data-start=\"719\" data-end=\"749\">compartilhe de sua rigidez<\/strong>.<\/p>\n","protected":false},"excerpt":{"rendered":"<p>Irm\u00e3o mais novo do rei, Thrain \u00e9 um dos guerreiros mais respeitados de Vorthalis.Treina o ex\u00e9rcito pessoalmente, e seu nome inspira tanto temor quanto admira\u00e7\u00e3o at\u00e9 nos reinos vizinhos.Apesar da natureza feroz em combate, fora do campo de batalha \u00e9 um homem simples \u2014 gosta de ca\u00e7ar nas cavernas e [&hellip;]<\/p>\n","protected":false},"author":1,"featured_media":0,"parent":0,"menu_order":0,"comment_status":"closed","ping_status":"closed","template":"","meta":{"_themeisle_gutenberg_block_has_review":false,"footnotes":""},"class_list":["post-88","page","type-page","status-publish","hentry"],"_links":{"self":[{"href":"https:\/\/komix.com.br\/Eldorath\/wp-json\/wp\/v2\/pages\/88","targetHints":{"allow":["GET"]}}],"collection":[{"href":"https:\/\/komix.com.br\/Eldorath\/wp-json\/wp\/v2\/pages"}],"about":[{"href":"https:\/\/komix.com.br\/Eldorath\/wp-json\/wp\/v2\/types\/page"}],"author":[{"embeddable":true,"href":"https:\/\/komix.com.br\/Eldorath\/wp-json\/wp\/v2\/users\/1"}],"replies":[{"embeddable":true,"href":"https:\/\/komix.com.br\/Eldorath\/wp-json\/wp\/v2\/comments?post=88"}],"version-history":[{"count":1,"href":"https:\/\/komix.com.br\/Eldorath\/wp-json\/wp\/v2\/pages\/88\/revisions"}],"predecessor-version":[{"id":93,"href":"https:\/\/komix.com.br\/Eldorath\/wp-json\/wp\/v2\/pages\/88\/revisions\/93"}],"wp:attachment":[{"href":"https:\/\/komix.com.br\/Eldorath\/wp-json\/wp\/v2\/media?parent=88"}],"curies":[{"name":"wp","href":"https:\/\/api.w.org\/{rel}","templated":true}]}}