{"id":57,"date":"2025-10-25T21:07:00","date_gmt":"2025-10-26T00:07:00","guid":{"rendered":"https:\/\/komix.com.br\/Eldorath\/?page_id=57"},"modified":"2025-10-25T21:14:48","modified_gmt":"2025-10-26T00:14:48","slug":"hyperborea-blashyrkh","status":"publish","type":"page","link":"https:\/\/komix.com.br\/Eldorath\/hyperborea-blashyrkh\/","title":{"rendered":"HYPERBOREA\/BLASHYRKH &#8211;  A parede de gelo"},"content":{"rendered":"<p><span style=\"font-weight: 400;\">O <\/span><b>reino gelado de Eldorath<\/b><span style=\"font-weight: 400;\">, conhecido entre os humanos como <\/span><b>Hyperborea<\/b><span style=\"font-weight: 400;\"> e chamado de <\/span><b>Blashyrkh<\/b><span style=\"font-weight: 400;\"> pelos an\u00f5es, ergueu-se sobre camadas milenares de neve solidificada. Suas metr\u00f3poles, constru\u00eddas com impressionantes estruturas de gelo e pedra, lembram grandes iglus \u2014 verdadeiras fortalezas brancas que refletem luxo e poder. A prosperidade do reino foi conquistada ao longo dos s\u00e9culos por meio de acordos diplom\u00e1ticos com diversas na\u00e7\u00f5es, mantendo uma reputa\u00e7\u00e3o de estabilidade e riqueza no mundo conhecido.<\/span><\/p>\n<p><span style=\"font-weight: 400;\">O povo de <\/span><b>Hyperborea<\/b><span style=\"font-weight: 400;\"> \u00e9 majoritariamente aristocr\u00e1tico, e embora preze pela diplomacia e evite se envolver diretamente em conflitos, n\u00e3o hesita em recorrer a solu\u00e7\u00f5es b\u00e9licas quando necess\u00e1rio. Para isso, conta com a expertise e alian\u00e7a dos an\u00f5es art\u00edfices e mercadores, que fabricam desde armamentos pesados at\u00e9 ve\u00edculos de guerra adaptados ao clima extremo. Esses produtos s\u00e3o fornecidos quase que exclusivamente ao povo gelado \u2014 <\/span><i><span style=\"font-weight: 400;\">quase<\/span><\/i><span style=\"font-weight: 400;\">, pois os an\u00f5es, com sua natureza astuta, aproveitam-se das oportunidades da guerra para traficar armamentos tamb\u00e9m para os inimigos de seus aliados humanos.<\/span><\/p>\n<p><span style=\"font-weight: 400;\">A base econ\u00f4mica dessa parceria hist\u00f3rica entre an\u00f5es e humanos est\u00e1 na minera\u00e7\u00e3o do <\/span><b>Diamante de G\u00e9lion<\/b><span style=\"font-weight: 400;\">, tamb\u00e9m chamado de <\/span><b>diamante azul<\/b><span style=\"font-weight: 400;\"> ou <\/span><b>diamante de gelo<\/b><span style=\"font-weight: 400;\">, um cristal raro extra\u00eddo das profundezas geladas por m\u00e3os an\u00e3s. Essa riqueza criou uma alian\u00e7a duradoura entre as duas ra\u00e7as, que n\u00e3o apenas compartilham o territ\u00f3rio como tamb\u00e9m marcharam lado a lado em guerras travadas em outras regi\u00f5es do mundo.<\/span><\/p>\n<p><span style=\"font-weight: 400;\">Apesar de seu sistema relativamente igualit\u00e1rio \u2014 onde trabalhadores, sejam humanos ou an\u00f5es, t\u00eam direitos e benef\u00edcios semelhantes \u2014 o reino \u00e9 regido por um clero extremamente influente. Com um forte senso de p\u00e1tria, os dogmas religiosos moldam tanto a pol\u00edtica quanto a cultura local. Aqueles que ousam desafiar os fundamentos do clero ou seu dom\u00ednio espiritual costumam enfrentar puni\u00e7\u00f5es severas, fazendo com que a liberdade religiosa seja um tema delicado em <\/span><b>Hyperborea<\/b><\/p>\n<p><b>O Reino Gelado<\/b><span style=\"font-weight: 400;\"> \u00e9 governado por um regime imperialista, no qual o imperador \u00e9 preparado desde a inf\u00e2ncia para conhecer a fundo as normas, direitos e deveres dos cidad\u00e3os, bem como as diretrizes que regem seu mandato. Seu poder \u00e9 absoluto; sua vontade, inquestion\u00e1vel. No entanto, seu governo n\u00e3o \u00e9 tir\u00e2nico, pois busca o bem-estar coletivo e a seguran\u00e7a em todas as regi\u00f5es do imp\u00e9rio.<\/span><\/p>\n<p><span style=\"font-weight: 400;\">Para isso, o imperador conta com o apoio de seus ministros \u2014 liderados pelo chanceler \u2014 e com um cl\u00e3 de duques respons\u00e1veis por executar suas ordens. O imp\u00e9rio tamb\u00e9m \u00e9 protegido por um ex\u00e9rcito imponente e altamente treinado.<\/span><\/p>\n<p><span style=\"font-weight: 400;\">A imperatriz, sua esposa, \u00e9 uma ativa defensora de causas sociais e assume o papel de regente na aus\u00eancia do marido. Ainda que cumpra suas ordens fielmente, h\u00e1 registros de imperatrizes que tentaram agir por conta pr\u00f3pria, enfrentando as consequ\u00eancias dessa ousadia.<\/span><\/p>\n<p><span style=\"font-weight: 400;\">O clero desempenha um papel crucial na estabilidade do reino. A b\u00ean\u00e7\u00e3o do sumo sacerdote e de seus cl\u00e9rigos \u00e9 considerada essencial para garantir a vit\u00f3ria em batalhas e a sabedoria nas decis\u00f5es imperiais. Embora o sumo sacerdote, por vezes, tente influenciar os caminhos do trono, qualquer interfer\u00eancia direta na vontade do imperador pode abalar a ordem e o equil\u00edbrio do imp\u00e9rio.<\/span><\/p>\n<p>&nbsp;<\/p>\n<h3><b>\ud83d\udcdc C\u00f3digo Imperial de Norvannar<\/b><\/h3>\n<p><i><span style=\"font-weight: 400;\">Compilado sob a luz da Aurora Eterna e selado pelo punho do Imperador dos G\u00e9lidos Tronos.<\/span><\/i><\/p>\n<h4><b>\u2696\ufe0f Leis da Coroa e da Hierarquia<\/b><\/h4>\n<ul>\n<li><b>1.<\/b><span style=\"font-weight: 400;\"> A vontade do imperador \u00e9 lei. Aquele que a desobedecer dever\u00e1 ser despojado de seu t\u00edtulo e exilado por 10 anos nas plan\u00edcies geladas de Thurin.<\/span><\/li>\n<li><b>2.<\/b><span style=\"font-weight: 400;\"> Se um duque ocultar uma ordem do imperador, ser\u00e1 julgado pelo chanceler e, se condenado, perder\u00e1 metade de suas terras, cedendo-as \u00e0 Coroa.<\/span><\/li>\n<li><b>3.<\/b><span style=\"font-weight: 400;\"> Se um ministro trair os interesses do imp\u00e9rio em favor de na\u00e7\u00e3o estrangeira, ser\u00e1 executado publicamente na Coluna do Vento Branco.<\/span><\/li>\n<li><b>4.<\/b><span style=\"font-weight: 400;\"> A imperatriz, em aus\u00eancia do imperador, det\u00e9m autoridade plena, mas se agir contra mandamentos j\u00e1 definidos, ser\u00e1 suspensa de suas fun\u00e7\u00f5es por uma Lua de Sangue.<\/span><\/li>\n<\/ul>\n<h4><b>\ud83d\udee1\ufe0f Leis da Guerra e do Ex\u00e9rcito<\/b><\/h4>\n<ul>\n<li><b>5.<\/b><span style=\"font-weight: 400;\"> Se um comandante recuar em batalha sem ordem imperial, ser\u00e1 deposto de sua patente e exilado no Vale dos Ecos.<\/span><\/li>\n<li><b>6.<\/b><span style=\"font-weight: 400;\"> A vit\u00f3ria em campo sem a b\u00ean\u00e7\u00e3o do sumo sacerdote ser\u00e1 considerada maldita. Nenhuma conquista ser\u00e1 reconhecida at\u00e9 que o clero realize o Ritual de Consagra\u00e7\u00e3o.<\/span><\/li>\n<li><b>7.<\/b><span style=\"font-weight: 400;\"> O soldado que salvar a vida de um nobre receber\u00e1 a Medalha da Aurora e poder\u00e1 requisitar terras congeladas de at\u00e9 um campo de gelo.<\/span><\/li>\n<\/ul>\n<h4><b>\u26ea Leis do Clero e Espiritualidade<\/b><\/h4>\n<ul>\n<li><b>8.<\/b><span style=\"font-weight: 400;\"> O sumo sacerdote pode aconselhar o imperador, mas jamais contradiz\u00ea-lo publicamente. Se o fizer, ser\u00e1 confinado ao Mosteiro do Sil\u00eancio por sete invernos.<\/span><\/li>\n<li><b>9.<\/b><span style=\"font-weight: 400;\"> Aquele que profanar um templo ser\u00e1 marcado com ferro e banido dos centros sagrados por toda a vida.<\/span><\/li>\n<li><b>10.<\/b><span style=\"font-weight: 400;\"> Quem se passar por cl\u00e9rigo sem ser ordenado perder\u00e1 a l\u00edngua e ser\u00e1 entregue \u00e0 miseric\u00f3rdia das neves.<\/span><\/li>\n<\/ul>\n<h4><b>\ud83d\udc68\u200d\ud83d\udc69\u200d\ud83d\udc67\u200d\ud83d\udc66 Leis do Povo<\/b><\/h4>\n<ul>\n<li><b>11.<\/b><span style=\"font-weight: 400;\"> Se um homem roubar alimento durante os dias sagrados, dever\u00e1 servir um ciclo completo (1 ano) nos Campos do Gelo servindo ao ex\u00e9rcito.<\/span><\/li>\n<li><b>12.<\/b><span style=\"font-weight: 400;\"> Se um cidad\u00e3o denunciar um traidor e a acusa\u00e7\u00e3o for verdadeira, receber\u00e1 o manto azul da honra e poder\u00e1 sentar-se entre os conselheiros locais.<\/span><\/li>\n<li><b>13.<\/b><span style=\"font-weight: 400;\"> Se um nobre ferir um plebeu por divers\u00e3o, ser\u00e1 obrigado a oferecer-lhe abrigo e sustento por um ciclo lunar completo.<\/span><\/li>\n<\/ul>\n<h4><b>\ud83d\udcb0 Leis do Com\u00e9rcio e da Justi\u00e7a<\/b><\/h4>\n<ul>\n<li><b>14.<\/b><span style=\"font-weight: 400;\"> O comerciante que trapacear no peso ou valor ser\u00e1 enforcado com suas pr\u00f3prias balan\u00e7as.<\/span><\/li>\n<li><b>15.<\/b><span style=\"font-weight: 400;\"> Todo contrato deve ser selado sob a presen\u00e7a de um escriba imperial. Se n\u00e3o houver selo, o pacto \u00e9 considerado inv\u00e1lido.<\/span><\/li>\n<\/ul>\n<p><b>\u00a716.<\/b><span style=\"font-weight: 400;\"> Se dois homens disputarem uma terra e n\u00e3o houver registros antigos, o clero decidir\u00e1 por meio de aug\u00farios e or\u00e1culos.<\/span><\/p>\n","protected":false},"excerpt":{"rendered":"<p>O reino gelado de Eldorath, conhecido entre os humanos como Hyperborea e chamado de Blashyrkh pelos an\u00f5es, ergueu-se sobre camadas milenares de neve solidificada. Suas metr\u00f3poles, constru\u00eddas com impressionantes estruturas de gelo e pedra, lembram grandes iglus \u2014 verdadeiras fortalezas brancas que refletem luxo e poder. A prosperidade do reino [&hellip;]<\/p>\n","protected":false},"author":1,"featured_media":0,"parent":0,"menu_order":0,"comment_status":"closed","ping_status":"closed","template":"","meta":{"_themeisle_gutenberg_block_has_review":false,"footnotes":""},"class_list":["post-57","page","type-page","status-publish","hentry"],"_links":{"self":[{"href":"https:\/\/komix.com.br\/Eldorath\/wp-json\/wp\/v2\/pages\/57","targetHints":{"allow":["GET"]}}],"collection":[{"href":"https:\/\/komix.com.br\/Eldorath\/wp-json\/wp\/v2\/pages"}],"about":[{"href":"https:\/\/komix.com.br\/Eldorath\/wp-json\/wp\/v2\/types\/page"}],"author":[{"embeddable":true,"href":"https:\/\/komix.com.br\/Eldorath\/wp-json\/wp\/v2\/users\/1"}],"replies":[{"embeddable":true,"href":"https:\/\/komix.com.br\/Eldorath\/wp-json\/wp\/v2\/comments?post=57"}],"version-history":[{"count":2,"href":"https:\/\/komix.com.br\/Eldorath\/wp-json\/wp\/v2\/pages\/57\/revisions"}],"predecessor-version":[{"id":65,"href":"https:\/\/komix.com.br\/Eldorath\/wp-json\/wp\/v2\/pages\/57\/revisions\/65"}],"wp:attachment":[{"href":"https:\/\/komix.com.br\/Eldorath\/wp-json\/wp\/v2\/media?parent=57"}],"curies":[{"name":"wp","href":"https:\/\/api.w.org\/{rel}","templated":true}]}}