{"id":55,"date":"2025-10-25T21:06:32","date_gmt":"2025-10-26T00:06:32","guid":{"rendered":"https:\/\/komix.com.br\/Eldorath\/?page_id=55"},"modified":"2025-10-25T21:15:59","modified_gmt":"2025-10-26T00:15:59","slug":"valdor-e-esmeria","status":"publish","type":"page","link":"https:\/\/komix.com.br\/Eldorath\/valdor-e-esmeria\/","title":{"rendered":"VALDOR E ESM\u00c9RIA &#8211; E a guerra dos 100 anos"},"content":{"rendered":"<p><b>Reino de Valdor vs\u00a0 Reino de Esm\u00e9ria com o rio Vireldan o porto de Calaiscai e os an\u00f5es de Myrkenholl<\/b><\/p>\n<h2><b>\ud83c\udf39 Valdor \u2013 O Reino da Rosa Vermelha<\/b><\/h2>\n<h2><b>\u269c\ufe0f Esm\u00e9ria \u2013 O Reino do L\u00edrio Azul<\/b><\/h2>\n<p><span style=\"font-weight: 400;\">Valdor e Esm\u00e9ria s\u00e3o reinos irm\u00e3os em origem, mas rivais em ess\u00eancia. Ambos nasceram das antigas tribos que viviam \u00e0s margens do lend\u00e1rio <\/span><b>rio Vireldan<\/b><span style=\"font-weight: 400;\">, cujas \u00e1guas f\u00e9rteis permitiram o florescimento da agricultura, da pesca e das primeiras vilas que, com o tempo, se unificaram em dois grandes reinos.<\/span><\/p>\n<p><span style=\"font-weight: 400;\">Apesar de compartilharem origens semelhantes, suas culturas tomaram caminhos distintos \u2014 e complementares.<\/span><\/p>\n<h3><b>\u269c\ufe0f Esm\u00e9ria: Eleg\u00e2ncia, Cavalaria e Mar<\/b><\/h3>\n<p><span style=\"font-weight: 400;\">Esm\u00e9ria \u00e9 o reino do <\/span><b>L\u00edrio Azul<\/b><span style=\"font-weight: 400;\">, s\u00edmbolo de gra\u00e7a, beleza e espiritualidade. Conhecida por sua sofistica\u00e7\u00e3o, arte e diplomacia, Esm\u00e9ria floresceu como uma corte refinada, com bailes, festivais e tradi\u00e7\u00f5es acad\u00eamicas.<\/span><span style=\"font-weight: 400;\"><br \/>\n<\/span><span style=\"font-weight: 400;\"> Sua culin\u00e1ria \u00e9 rica e celebrada, seus vinhos s\u00e3o exportados pelo Vireldan, e suas casas de saber formam alguns dos mais s\u00e1bios magos e fil\u00f3sofos da regi\u00e3o.<\/span><\/p>\n<p><span style=\"font-weight: 400;\">Mas sob essa superf\u00edcie delicada, Esm\u00e9ria abriga um poder militar formid\u00e1vel. Sua <\/span><b>cavalaria \u00e9 lend\u00e1ria<\/b><span style=\"font-weight: 400;\">, descendente de linhagens que, segundo a tradi\u00e7\u00e3o, teriam domado uma <\/span><b>antiga criatura marinha<\/b><span style=\"font-weight: 400;\"> vinda das profundezas do Vireldan \u2014 um feito ainda celebrado nos festivais de ver\u00e3o.<\/span><\/p>\n<h3><b>\ud83c\udf39 Valdor: For\u00e7a, Honra e Navalhas de A\u00e7o<\/b><\/h3>\n<p><span style=\"font-weight: 400;\">Valdor, o reino da <\/span><b>Rosa Vermelha<\/b><span style=\"font-weight: 400;\">, tem ra\u00edzes em tradi\u00e7\u00f5es de honra, guerra e resili\u00eancia. Conhecido por sua robusta arquitetura, suas fortalezas de pedra e seu povo disciplinado, Valdor construiu sua gl\u00f3ria atrav\u00e9s da for\u00e7a e da f\u00e9.<\/span><\/p>\n<p><span style=\"font-weight: 400;\">Seus <\/span><b>arqueiros<\/b><span style=\"font-weight: 400;\"> s\u00e3o lend\u00e1rios, tendo vencido batalhas imposs\u00edveis com flechas que voavam mais longe e certeiras do que qualquer outra na\u00e7\u00e3o ousaria imaginar.<\/span><span style=\"font-weight: 400;\"><br \/>\n<\/span><span style=\"font-weight: 400;\"> Sua <\/span><b>frota naval<\/b><span style=\"font-weight: 400;\"> tamb\u00e9m \u00e9 motivo de orgulho: navios r\u00e1pidos e bem armados cruzam o Vireldan e os mares pr\u00f3ximos, garantindo suprimentos, rotas comerciais e dom\u00ednio estrat\u00e9gico.<\/span><\/p>\n<h2><b>\u2694\ufe0f Uma Hist\u00f3ria de Alian\u00e7as e Rupturas<\/b><\/h2>\n<p><span style=\"font-weight: 400;\">\u00c0 medida que os dois reinos cresciam em poder, suas fronteiras finalmente se encontraram. O avan\u00e7o de um foi a pausa do outro. Houve <\/span><b>guerras, tratados, alian\u00e7as pol\u00edticas e trai\u00e7\u00f5es<\/b><span style=\"font-weight: 400;\">.<\/span><\/p>\n<p><span style=\"font-weight: 400;\">Um dos momentos mais significativos dessa tentativa de coexist\u00eancia foi a cria\u00e7\u00e3o do <\/span><b>Porto de Calaiscai<\/b><span style=\"font-weight: 400;\">, um entreposto comercial e diplom\u00e1tico constru\u00eddo em um antigo tratado de paz. Governado de forma alternada por cada reino a cada d\u00e9cada, Calaiscai era s\u00edmbolo da esperan\u00e7a de concilia\u00e7\u00e3o. No entanto, com o tempo, os conflitos recorrentes fizeram com que o porto fosse dominado ora por Valdor, ora por Esm\u00e9ria, se tornando tamb\u00e9m um palco constante de disputas.<\/span><\/p>\n<p><span style=\"font-weight: 400;\">Essa rivalidade deu origem \u00e0 famosa <\/span><b>Guerra das Flores<\/b><span style=\"font-weight: 400;\">, onde o l\u00edrio azul e a rosa vermelha deixaram de ser apenas bras\u00f5es e se tornaram s\u00edmbolos de sangue derramado por gera\u00e7\u00f5es.<\/span><\/p>\n<p>&nbsp;<\/p>\n<h3><b>\u2693 Calaiscai \u2013 A Cidade que Pertencia a Dois<\/b><\/h3>\n<p><span style=\"font-weight: 400;\">Em tempos de fr\u00e1gil paz entre Valdor e Esm\u00e9ria, foi firmado um tratado hist\u00f3rico que deu origem a <\/span><b>Calaiscai<\/b><span style=\"font-weight: 400;\"> \u2014 um <\/span><b>porto constru\u00eddo em territ\u00f3rio neutro, nas margens amplas do Rio Vireldan<\/b><span style=\"font-weight: 400;\">, pouco antes de sua foz no grande Lago Vareth. Calaiscai \u00e9 uma ilha no meio do rio e que conecta os dois lados do rio, logo a ilha inicialmente n\u00e3o pertenceria de fato a nenhum dos dois reinos. E devido a isso, que fora escolhida para o tratado dos reinos.<\/span><\/p>\n<h3><b>\ud83d\udcdc O Tratado das Mar\u00e9s<\/b><\/h3>\n<p><span style=\"font-weight: 400;\">Segundo o acordo, Calaiscai seria <\/span><b>governada alternadamente a cada d\u00e9cada<\/b><span style=\"font-weight: 400;\"> por um dos reinos.<\/span><span style=\"font-weight: 400;\"><br \/>\n<\/span><span style=\"font-weight: 400;\"> Nenhum ex\u00e9rcito poderia manter tropas fixas dentro de seus limites, e um <\/span><b>conselho binacional<\/b><span style=\"font-weight: 400;\"> julgaria disputas comerciais ou civis.<\/span><span style=\"font-weight: 400;\"><br \/>\n<\/span> <b>Calaiscai era o cora\u00e7\u00e3o da diplomacia \u2014 e da esperan\u00e7a \u2014 entre dois mundos em constante tens\u00e3o.<\/b><\/p>\n<h3><b>\ud83d\udcb0 A Joia Econ\u00f4mica do Vireldan<\/b><\/h3>\n<p><span style=\"font-weight: 400;\">Mais do que s\u00edmbolo de paz, Calaiscai era a espinha dorsal econ\u00f4mica da regi\u00e3o:<\/span><\/p>\n<ul>\n<li aria-level=\"1\"><span style=\"font-weight: 400;\">Localizada no ponto de encontro entre o<\/span><b> Rio Vireldan, as trilhas comerciais dos an\u00f5es de Myrkenholl e as rotas mar\u00edtimas do Lago Vareth.<\/b>&nbsp;<\/li>\n<\/ul>\n<ul>\n<li aria-level=\"1\"><span style=\"font-weight: 400;\">Seus<\/span><b> mercados livres <\/b><span style=\"font-weight: 400;\">eram famosos por vender de especiarias orientais a armas forjadas, pergaminhos raros e tinturas \u00e9lficas.<\/span>&nbsp;<\/li>\n<\/ul>\n<ul>\n<li aria-level=\"1\"><span style=\"font-weight: 400;\">A cidade cobrava<\/span><b> tarifas justas, mas constantes, <\/b><span style=\"font-weight: 400;\">que<\/span><b> financiavam sua autonomia e enriqueciam ambos os reinos.<\/b>&nbsp;<\/li>\n<\/ul>\n<ul>\n<li style=\"font-weight: 400;\" aria-level=\"1\"><span style=\"font-weight: 400;\">Navios de bandeiras mistas \u2014 metade escudo de Valdor, metade rosa de Esm\u00e9ria \u2014 cruzavam suas \u00e1guas com frequ\u00eancia.<\/span>&nbsp;<\/li>\n<\/ul>\n<p><span style=\"font-weight: 400;\">Enquanto Calaiscai prosperava<\/span><b>, a guerra parecia improv\u00e1vel. <\/b><span style=\"font-weight: 400;\">Era a cidade onde at\u00e9 os inimigos tinham algo a perder.<\/span><\/p>\n<p>&nbsp;<\/p>\n<h3><b>\ud83d\udc8d O Casamento como Promessa de Fus\u00e3o<\/b><\/h3>\n<p><span style=\"font-weight: 400;\">O casamento entre o pr\u00edncipe de Valdor e a princesa de Esm\u00e9ria fazia parte de uma estrat\u00e9gia para<\/span><b> consolidar Calaiscai como s\u00edmbolo de uni\u00e3o definitiva.<\/b><b><br \/>\n<\/b> <span style=\"font-weight: 400;\">O herdeiro nascido da uni\u00e3o representaria <\/span><b>a fus\u00e3o das coroas \u2014 <\/b><span style=\"font-weight: 400;\">e com isso, esperava-se que a cidade deixasse de alternar de m\u00e3os para se tornar <\/span><b>capital de um futuro reino unificado.<\/b><\/p>\n<h3><b>\ud83c\udf39\u2694\ufe0f Na Guerra das Flores, Calaiscai Sangra<\/b><\/h3>\n<p><span style=\"font-weight: 400;\">Com a morte do rei de Valdor durante uma viagem e o subsequente desaparecimento da rainha e do herdeiro, <\/span><b>os acordos ru\u00edram.<\/b><\/p>\n<p><span style=\"font-weight: 400;\">Ambos os reinos<\/span><b> reivindicaram Calaiscai:<\/b><\/p>\n<ul>\n<li style=\"font-weight: 400;\" aria-level=\"1\"><span style=\"font-weight: 400;\">Esm\u00e9ria afirmava que o herdeiro havia sido assassinado e que o tratado fora quebrado.<\/span>&nbsp;<\/li>\n<li style=\"font-weight: 400;\" aria-level=\"1\"><span style=\"font-weight: 400;\">Valdor dizia que Esm\u00e9ria havia sequestrado a rainha e tramava uma anexa\u00e7\u00e3o.<\/span>&nbsp;<\/li>\n<\/ul>\n<p><span style=\"font-weight: 400;\">O que antes era porto, virou trincheira.<\/span><\/p>\n<p><span style=\"font-weight: 400;\">Com o colapso das alian\u00e7as entre Valdor e Esm\u00e9ria,<\/span><b> Calaiscai se tornou um dos pontos mais disputados da Guerra das Flores.<\/b><span style=\"font-weight: 400;\"> A altern\u00e2ncia pac\u00edfica de poder deu lugar<\/span><b> a ocupa\u00e7\u00f5es for\u00e7adas, cercos brutais e trai\u00e7\u00f5es sangrentas. <\/b><span style=\"font-weight: 400;\">A cidade, que antes representava equil\u00edbrio, passou a simbolizar disputa e desgaste.<\/span><\/p>\n<p><span style=\"font-weight: 400;\">Durante os primeiros anos da Guerra das Flores,<\/span><b> Calaiscai \u2014 <\/b><span style=\"font-weight: 400;\">o antigo s\u00edmbolo de paz entre Valdor e Esm\u00e9ria \u2014 tornou-se o epicentro da disputa. A cidade portu\u00e1ria, estrat\u00e9gica e rica,<\/span><b> mudou de m\u00e3os diversas vezes,<\/b><span style=\"font-weight: 400;\"> sendo cada conquista celebrada como triunfo e cada perda tratada como humilha\u00e7\u00e3o nacional.<\/span><\/p>\n<p><span style=\"font-weight: 400;\">Na<\/span><b> primeira d\u00e9cada de conflito, Valdor conseguiu tomar Calaiscai <\/b><span style=\"font-weight: 400;\">e manteve o controle por um longo per\u00edodo. Cercada constantemente por tropas esmerianas, a cidade resistiu<\/span><b> a cerco ap\u00f3s cerco, <\/b><span style=\"font-weight: 400;\">o que causou<\/span><b> fome, doen\u00e7a e amargura entre os civis.<\/b><span style=\"font-weight: 400;\"> Ainda assim, Valdor fez de Calaiscai um s\u00edmbolo de sua for\u00e7a \u2014 e uma dor constante na mem\u00f3ria de Esm\u00e9ria.<\/span><\/p>\n<p><span style=\"font-weight: 400;\">Ap\u00f3s cerca de <\/span><b>dez anos de armist\u00edcio inst\u00e1vel, Esm\u00e9ria lan\u00e7ou uma ofensiva surpresa e retomou Calaiscai. <\/b><span style=\"font-weight: 400;\">O feito foi considerado um ponto de virada no conflito. No entanto, a tomada n\u00e3o foi aceita pacificamente:<\/span><b> Valdor nunca engoliu a perda do porto,<\/b><span style=\"font-weight: 400;\"> e desde ent\u00e3o, a cidade permanece como um<\/span><b> barril de p\u00f3lvora <\/b><span style=\"font-weight: 400;\">\u00e0 beira de explodir.<\/span><\/p>\n","protected":false},"excerpt":{"rendered":"<p>Reino de Valdor vs\u00a0 Reino de Esm\u00e9ria com o rio Vireldan o porto de Calaiscai e os an\u00f5es de Myrkenholl \ud83c\udf39 Valdor \u2013 O Reino da Rosa Vermelha \u269c\ufe0f Esm\u00e9ria \u2013 O Reino do L\u00edrio Azul Valdor e Esm\u00e9ria s\u00e3o reinos irm\u00e3os em origem, mas rivais em ess\u00eancia. Ambos nasceram [&hellip;]<\/p>\n","protected":false},"author":1,"featured_media":0,"parent":0,"menu_order":0,"comment_status":"closed","ping_status":"closed","template":"","meta":{"_themeisle_gutenberg_block_has_review":false,"footnotes":""},"class_list":["post-55","page","type-page","status-publish","hentry"],"_links":{"self":[{"href":"https:\/\/komix.com.br\/Eldorath\/wp-json\/wp\/v2\/pages\/55","targetHints":{"allow":["GET"]}}],"collection":[{"href":"https:\/\/komix.com.br\/Eldorath\/wp-json\/wp\/v2\/pages"}],"about":[{"href":"https:\/\/komix.com.br\/Eldorath\/wp-json\/wp\/v2\/types\/page"}],"author":[{"embeddable":true,"href":"https:\/\/komix.com.br\/Eldorath\/wp-json\/wp\/v2\/users\/1"}],"replies":[{"embeddable":true,"href":"https:\/\/komix.com.br\/Eldorath\/wp-json\/wp\/v2\/comments?post=55"}],"version-history":[{"count":2,"href":"https:\/\/komix.com.br\/Eldorath\/wp-json\/wp\/v2\/pages\/55\/revisions"}],"predecessor-version":[{"id":67,"href":"https:\/\/komix.com.br\/Eldorath\/wp-json\/wp\/v2\/pages\/55\/revisions\/67"}],"wp:attachment":[{"href":"https:\/\/komix.com.br\/Eldorath\/wp-json\/wp\/v2\/media?parent=55"}],"curies":[{"name":"wp","href":"https:\/\/api.w.org\/{rel}","templated":true}]}}