{"id":51,"date":"2025-10-25T21:04:20","date_gmt":"2025-10-26T00:04:20","guid":{"rendered":"https:\/\/komix.com.br\/Eldorath\/?page_id=51"},"modified":"2025-10-26T19:56:32","modified_gmt":"2025-10-26T22:56:32","slug":"maakar","status":"publish","type":"page","link":"https:\/\/komix.com.br\/Eldorath\/maakar\/","title":{"rendered":"\u00a0MAAKAR &#8211; A favela orc"},"content":{"rendered":"\r\n<h3 class=\"wp-block-heading\"><strong>\ud83d\udcdc Hist\u00f3ria de Maakar e os Orcs de Elderoth<\/strong><\/h3>\r\n\r\n\r\n\r\n<p style=\"text-align: justify;\">No passado, os orcs tomaram para si o reino de <strong>Maakar<\/strong>, um continente antes conhecido por suas vastas florestas de samambaias e pinheiros, \u00e1reas desoladas pontuais, vegeta\u00e7\u00e3o densa e o\u00e1sis ocultos. Maakar tamb\u00e9m era marcado por <strong>grandes vulc\u00f5es<\/strong>, que entravam em erup\u00e7\u00e3o de tempos em tempos. Essas atividades vulc\u00e2nicas contribu\u00edram para a forma\u00e7\u00e3o de <strong>regi\u00f5es ricas em pedras preciosas<\/strong>, o que, com o passar dos s\u00e9culos, <strong>atraiu o interesse dos an\u00f5es<\/strong>.<\/p>\r\n\r\n\r\n\r\n<p style=\"text-align: justify;\">Durante a ascens\u00e3o dos <strong>Elfos Sangrentos<\/strong> eclodiu uma guerra de grandes propor\u00e7\u00f5es. Aproveitando o caos, os orcs buscaram expandir seus dom\u00ednios ao lado de certos reinos humanos e at\u00e9 alguns cl\u00e3s an\u00f5es dissidentes. A<strong> gan\u00e2ncia de diversos reinos<\/strong> levou muitos a se aliarem aos pr\u00f3prios elfos sangrentos, dificultando a resist\u00eancia das demais na\u00e7\u00f5es de <strong>Elderoth<\/strong>.<\/p>\r\n\r\n\r\n\r\n<p style=\"text-align: justify;\">Ao final, a <strong>Alian\u00e7a dos Homens<\/strong> prevaleceu. Os elfos sangrentos assim como os orcs foram quase extintos, e os poucos sobreviventes <strong>banidos para o Continente Sombrio<\/strong>. Ainda assim, alguns grupos orcs conseguiram permanecer em Elderoth.<\/p>\r\n\r\n\r\n<hr class=\"wp-block-separator has-alpha-channel-opacity\" \/>\r\n\r\n\r\n<h4 class=\"wp-block-heading\"><strong>\ud83c\udf0b Queda de Maakar<\/strong><\/h4>\r\n\r\n\r\n\r\n<p style=\"text-align: justify;\">Em Maakar, pequenos vilarejos orcs se ergueram entre as ru\u00ednas. Mas o continente jamais se recuperou. <strong>Erup\u00e7\u00f5es provocadas artificialmente<\/strong>, rituais proibidos e desastres m\u00e1gicos durante a guerra, transformaram a terra f\u00e9rtil em um lugar devastado, amaldi\u00e7oado e inst\u00e1vel. A maior parte de Maakar tornou-se in\u00f3spita, cheia de regi\u00f5es corrompidas e perigosas.<\/p>\r\n\r\n\r\n<hr class=\"wp-block-separator has-alpha-channel-opacity\" \/>\r\n\r\n\r\n<h4 class=\"wp-block-heading\"><strong>\ud83e\ude93 O Surgimento de Brutak-Hold<\/strong><\/h4>\r\n\r\n\r\n\r\n<p style=\"text-align: justify;\">O maior grupo de orcs remanescentes migrou para o norte, no continente de <strong>Boreal<\/strong>, onde fundaram o que viria a ser o maior aglomerado orc da hist\u00f3ria conhecida: <strong>Brutak-Hold<\/strong>.<\/p>\r\n\r\n\r\n\r\n<p style=\"text-align: justify;\">Ao longo das d\u00e9cadas, os orcs \u2014 antes conhecidos por suas incurs\u00f5es selvagens e saques brutais \u2014 foram for\u00e7ados a mudar. <strong>A sobreviv\u00eancia exigiu estrat\u00e9gia<\/strong>, e os l\u00edderes que se destacaram foram aqueles capazes de garantir estabilidade, alimento e seguran\u00e7a para seus cl\u00e3s. Apesar disso, <strong>a for\u00e7a bruta ainda \u00e9 reverenciada<\/strong>. Os estrategistas de Brutak-Hold sempre est\u00e3o cercados pelos maiores guerreiros de suas tribos, e o respeito ainda se conquista com sangue e conquistas.<\/p>\r\n\r\n\r\n<hr class=\"wp-block-separator has-alpha-channel-opacity\" \/>\r\n\r\n\r\n<h3 class=\"wp-block-heading\"><strong>\ud83c\udff9 As Tribos de Maakar<\/strong><\/h3>\r\n\r\n\r\n\r\n<p style=\"text-align: justify;\">As tribos orcs que restaram em Maakar s\u00e3o em sua maioria <strong>n\u00f4mades<\/strong>, muitas sem sequer possuir nomes formais. Uma das exce\u00e7\u00f5es \u00e9 a pr\u00f3pria Brutak-Hold, que, apesar de ser uma cidade-fortaleza, \u00e9 <strong>composta por diversas tribos rivais<\/strong>. Conflitos internos por territ\u00f3rio e recursos s\u00e3o constantes.<\/p>\r\n\r\n\r\n\r\n<p style=\"text-align: justify;\">Cada tribo acumula o que pode para sobreviver, e embora o saque ainda seja praticado, ele envolve riscos significativos. Aqueles que conseguem realizar <strong>grandes incurs\u00f5es bem-sucedidas<\/strong> ascendem na hierarquia tribal \u2014 enquanto os fracassos muitas vezes significam a morte.<\/p>\r\n\r\n\r\n\r\n<p style=\"text-align: justify;\">Os orcs de Maakar se identificam por <strong>tatuagens feitas com ferro em brasa<\/strong>, gravadas diretamente na pele como marcas de pertencimento e bravura.<\/p>\r\n\r\n\r\n\r\n<p>Algumas das principais tribos:\u00a0<\/p>\r\n\r\n\r\n\r\n<ul class=\"wp-block-list\">\r\n<li>Urgarash<\/li>\r\n\r\n\r\n\r\n<li>Morthak-D\u00fbl<\/li>\r\n\r\n\r\n\r\n<li>Drakmaw<\/li>\r\n\r\n\r\n\r\n<li>Drakmaw<\/li>\r\n\r\n\r\n\r\n<li>Kraggor<\/li>\r\n\r\n\r\n\r\n<li>Ulk\u2019tah<\/li>\r\n\r\n\r\n\r\n<li>Ruun\u2019Gar<\/li>\r\n\r\n\r\n\r\n<li>Bagra\u2019Tul<\/li>\r\n\r\n\r\n\r\n<li>Obruul-Ka<\/li>\r\n\r\n\r\n\r\n<li>Kraaz-Umbral<\/li>\r\n\r\n\r\n\r\n<li>Zhar\u2019dok<\/li>\r\n\r\n\r\n\r\n<li>Xulgoroth<\/li>\r\n<\/ul>\r\n","protected":false},"excerpt":{"rendered":"<p>\ud83d\udcdc Hist\u00f3ria de Maakar e os Orcs de Elderoth No passado, os orcs tomaram para si o reino de Maakar, um continente antes conhecido por suas vastas florestas de samambaias e pinheiros, \u00e1reas desoladas pontuais, vegeta\u00e7\u00e3o densa e o\u00e1sis ocultos. Maakar tamb\u00e9m era marcado por grandes vulc\u00f5es, que entravam em [&hellip;]<\/p>\n","protected":false},"author":1,"featured_media":0,"parent":0,"menu_order":0,"comment_status":"closed","ping_status":"closed","template":"","meta":{"_themeisle_gutenberg_block_has_review":false,"footnotes":""},"class_list":["post-51","page","type-page","status-publish","hentry"],"_links":{"self":[{"href":"https:\/\/komix.com.br\/Eldorath\/wp-json\/wp\/v2\/pages\/51","targetHints":{"allow":["GET"]}}],"collection":[{"href":"https:\/\/komix.com.br\/Eldorath\/wp-json\/wp\/v2\/pages"}],"about":[{"href":"https:\/\/komix.com.br\/Eldorath\/wp-json\/wp\/v2\/types\/page"}],"author":[{"embeddable":true,"href":"https:\/\/komix.com.br\/Eldorath\/wp-json\/wp\/v2\/users\/1"}],"replies":[{"embeddable":true,"href":"https:\/\/komix.com.br\/Eldorath\/wp-json\/wp\/v2\/comments?post=51"}],"version-history":[{"count":4,"href":"https:\/\/komix.com.br\/Eldorath\/wp-json\/wp\/v2\/pages\/51\/revisions"}],"predecessor-version":[{"id":79,"href":"https:\/\/komix.com.br\/Eldorath\/wp-json\/wp\/v2\/pages\/51\/revisions\/79"}],"wp:attachment":[{"href":"https:\/\/komix.com.br\/Eldorath\/wp-json\/wp\/v2\/media?parent=51"}],"curies":[{"name":"wp","href":"https:\/\/api.w.org\/{rel}","templated":true}]}}