{"id":2,"date":"2025-10-21T13:39:42","date_gmt":"2025-10-21T16:39:42","guid":{"rendered":"https:\/\/komix.com.br\/Eldorath\/?page_id=2"},"modified":"2025-11-16T13:42:02","modified_gmt":"2025-11-16T16:42:02","slug":"pagina-exemplo","status":"publish","type":"page","link":"https:\/\/komix.com.br\/Eldorath\/pagina-exemplo\/","title":{"rendered":"Sobre o nosso RPG"},"content":{"rendered":"\n<p><p style=\"text-align: justify;\"><strong>Bem-vindo a <em>Eldorath<\/em>, um mundo que ainda est\u00e1 sendo escrito \u2014 pedra por pedra, trilha por trilha, destino por destino.<\/strong><br>Aqui, cada passo dado pelos jogadores molda a hist\u00f3ria, cada escolha deixa cicatriz, e cada campanha se torna mais do que mem\u00f3ria: ela vira <strong>HQ<\/strong>, eternizando a jornada dos her\u00f3is e expandindo o pr\u00f3prio universo.<\/p><\/p>\n\n\n\n<p><p style=\"text-align: justify;\">Eldorath nasceu da chama cl\u00e1ssica da fantasia heroica de D&amp;D, mas segue outro caminho:<br><strong>\u00e9 um mundo em constru\u00e7\u00e3o viva<\/strong>, onde aventureiros n\u00e3o apenas exploram ru\u00ednas, mas erguem reinos; n\u00e3o apenas descobrem mist\u00e9rios, mas criam novos mitos.<\/p><\/p>\n\n\n\n<p><p style=\"text-align: justify;\">Nas fronteiras do conhecido, viajantes falam em sussurros sobre uma amea\u00e7a que o tempo tentou enterrar.<br><strong>Uma lenda antiga demais para ser provada\u2026 ou perigosa demais para ser ignorada.<\/strong><br>Vem de al\u00e9m do v\u00e9u, de um lugar onde a luz n\u00e3o alcan\u00e7a e onde a realidade \u00e9 devorada:<br>o <strong>Darkworld<\/strong>, uma dimens\u00e3o distorcida, faminta e desperta.<\/p><\/p>\n\n\n\n<p>Alguns dizem que \u00e9 supersti\u00e7\u00e3o.<br>Outros, que \u00e9 apenas hist\u00f3ria pra assustar iniciados.<br>Mas h\u00e1 aqueles que viram sinais \u2014 rachaduras no c\u00e9u, sombras que caminham sem dono, sussurros onde o sil\u00eancio deveria reinar.<\/p>\n\n\n\n<p>E voc\u00eas, jogadores, ser\u00e3o os primeiros a escolher acreditar\u2026<br>ou descobrir tarde demais.<\/p>\n\n\n\n<p><strong>Reinos emergem. Feras despertam. Civiliza\u00e7\u00f5es nascem.<br>E o mundo cresce com voc\u00eas.<\/strong><\/p>\n\n\n\n<p>Esta \u00e9 a promessa de Eldorath:<br><strong>a aventura n\u00e3o s\u00f3 muda o mundo \u2014 ela o cria.<\/strong><\/p>\n\n\n\n<p>Prepare seus dados.<br>A hist\u00f3ria est\u00e1 esperando por quem ousa escrev\u00ea-la.<\/p>\n\n\n\n<div class=\"wp-block-buttons is-layout-flex wp-block-buttons-is-layout-flex\">\n<div class=\"wp-block-button\"><a class=\"wp-block-button__link has-text-align-center wp-element-button\" href=\"https:\/\/komix.com.br\/Eldorath\/partidas\/\">Partidas<\/a><\/div>\n<\/div>\n\n\n\n<p>&nbsp;<\/p>\n","protected":false},"excerpt":{"rendered":"<p>Bem-vindo a Eldorath, um mundo que ainda est\u00e1 sendo escrito \u2014 pedra por pedra, trilha por trilha, destino por destino.Aqui, cada passo dado pelos jogadores molda a hist\u00f3ria, cada escolha deixa cicatriz, e cada campanha se torna mais do que mem\u00f3ria: ela vira HQ, eternizando a jornada dos her\u00f3is e [&hellip;]<\/p>\n","protected":false},"author":1,"featured_media":0,"parent":0,"menu_order":0,"comment_status":"closed","ping_status":"open","template":"","meta":{"_themeisle_gutenberg_block_has_review":false,"footnotes":""},"class_list":["post-2","page","type-page","status-publish","hentry"],"_links":{"self":[{"href":"https:\/\/komix.com.br\/Eldorath\/wp-json\/wp\/v2\/pages\/2","targetHints":{"allow":["GET"]}}],"collection":[{"href":"https:\/\/komix.com.br\/Eldorath\/wp-json\/wp\/v2\/pages"}],"about":[{"href":"https:\/\/komix.com.br\/Eldorath\/wp-json\/wp\/v2\/types\/page"}],"author":[{"embeddable":true,"href":"https:\/\/komix.com.br\/Eldorath\/wp-json\/wp\/v2\/users\/1"}],"replies":[{"embeddable":true,"href":"https:\/\/komix.com.br\/Eldorath\/wp-json\/wp\/v2\/comments?post=2"}],"version-history":[{"count":5,"href":"https:\/\/komix.com.br\/Eldorath\/wp-json\/wp\/v2\/pages\/2\/revisions"}],"predecessor-version":[{"id":132,"href":"https:\/\/komix.com.br\/Eldorath\/wp-json\/wp\/v2\/pages\/2\/revisions\/132"}],"wp:attachment":[{"href":"https:\/\/komix.com.br\/Eldorath\/wp-json\/wp\/v2\/media?parent=2"}],"curies":[{"name":"wp","href":"https:\/\/api.w.org\/{rel}","templated":true}]}}