{"id":154,"date":"2025-11-16T21:02:17","date_gmt":"2025-11-17T00:02:17","guid":{"rendered":"https:\/\/komix.com.br\/Eldorath\/?page_id=154"},"modified":"2025-11-16T21:02:17","modified_gmt":"2025-11-17T00:02:17","slug":"os-arautos-da-geada-eterna","status":"publish","type":"page","link":"https:\/\/komix.com.br\/Eldorath\/os-arautos-da-geada-eterna\/","title":{"rendered":"OS ARAUTOS DA GEADA ETERNA"},"content":{"rendered":"<p style=\"text-align: justify;\"><span style=\"font-weight: 400;\">O clero de Eldorath \u00e9 formado por um cl\u00e3 de sacerdotes escolhidos por meios m\u00edsticos, guiados pelas vibra\u00e7\u00f5es de um antigo mon\u00f3lito erguido no cora\u00e7\u00e3o da cidade-clero. Diz-se que, dentro daquela pedra, repousa a alma congelada do fundador da seita \u2014 um eco eterno que murmura apenas para os dignos.<\/span><\/p>\n<p style=\"text-align: justify;\"><span style=\"font-weight: 400;\">Cabe aos Arautos conduzir todos os assuntos do reino \u00e0 grande c\u00fapula, onde cada decis\u00e3o \u00e9 submetida \u00e0 leitura do cristal m\u00edstico, considerado a pr\u00f3pria chama g\u00e9lida do patrono. Diante dele, verdade e mentira se distorcem como vapor no frio.<\/span><\/p>\n<p style=\"text-align: justify;\"><span style=\"font-weight: 400;\">Na realidade, por\u00e9m, o clero \u00e9 composto por \u00f3rf\u00e3os do reino, muitos adquiridos de maneiras nada santas. Crian\u00e7as sem nome e sem passado, moldadas para servir \u00e0 doutrina da Geada.<\/span><\/p>\n<p style=\"text-align: justify;\"><span style=\"font-weight: 400;\">Cada sacerdote carrega uma m\u00e1scara ritual, s\u00edmbolo de autoridade absoluta e dom\u00ednio sobre a verdade. Essas m\u00e1scaras s\u00e3o fundidas \u00e0 pele ainda na juventude, apagando qualquer tra\u00e7o de identidade e garantindo que jamais sejam removidas.<\/span><\/p>\n<p style=\"text-align: justify;\"><span style=\"font-weight: 400;\">Sobre eles pesa uma antiga profecia: quando o V\u00e9u Invernal descer sobre o mundo, apenas aqueles marcados pela Geada Eterna encontrar\u00e3o ref\u00fagio. E, quando o resto sucumbir ao frio, eles permanecer\u00e3o \u2014 testemunhas do \u00faltimo amanhecer.<\/span><\/p>\n<p><img loading=\"lazy\" decoding=\"async\" src=\"https:\/\/komix.com.br\/Eldorath\/wp-content\/uploads\/2025\/11\/Arauto-Geada-Eterna-sai-169x300.jpg\" alt=\"\" width=\"169\" height=\"300\" class=\"size-medium wp-image-155 aligncenter\" srcset=\"https:\/\/komix.com.br\/Eldorath\/wp-content\/uploads\/2025\/11\/Arauto-Geada-Eterna-sai-169x300.jpg 169w, https:\/\/komix.com.br\/Eldorath\/wp-content\/uploads\/2025\/11\/Arauto-Geada-Eterna-sai-576x1024.jpg 576w, https:\/\/komix.com.br\/Eldorath\/wp-content\/uploads\/2025\/11\/Arauto-Geada-Eterna-sai-768x1365.jpg 768w, https:\/\/komix.com.br\/Eldorath\/wp-content\/uploads\/2025\/11\/Arauto-Geada-Eterna-sai-864x1536.jpg 864w, https:\/\/komix.com.br\/Eldorath\/wp-content\/uploads\/2025\/11\/Arauto-Geada-Eterna-sai.jpg 900w\" sizes=\"auto, (max-width: 169px) 100vw, 169px\" \/><\/p>\n","protected":false},"excerpt":{"rendered":"<p>O clero de Eldorath \u00e9 formado por um cl\u00e3 de sacerdotes escolhidos por meios m\u00edsticos, guiados pelas vibra\u00e7\u00f5es de um antigo mon\u00f3lito erguido no cora\u00e7\u00e3o da cidade-clero. Diz-se que, dentro daquela pedra, repousa a alma congelada do fundador da seita \u2014 um eco eterno que murmura apenas para os dignos. [&hellip;]<\/p>\n","protected":false},"author":1,"featured_media":0,"parent":0,"menu_order":0,"comment_status":"closed","ping_status":"closed","template":"","meta":{"_themeisle_gutenberg_block_has_review":false,"footnotes":""},"class_list":["post-154","page","type-page","status-publish","hentry"],"_links":{"self":[{"href":"https:\/\/komix.com.br\/Eldorath\/wp-json\/wp\/v2\/pages\/154","targetHints":{"allow":["GET"]}}],"collection":[{"href":"https:\/\/komix.com.br\/Eldorath\/wp-json\/wp\/v2\/pages"}],"about":[{"href":"https:\/\/komix.com.br\/Eldorath\/wp-json\/wp\/v2\/types\/page"}],"author":[{"embeddable":true,"href":"https:\/\/komix.com.br\/Eldorath\/wp-json\/wp\/v2\/users\/1"}],"replies":[{"embeddable":true,"href":"https:\/\/komix.com.br\/Eldorath\/wp-json\/wp\/v2\/comments?post=154"}],"version-history":[{"count":1,"href":"https:\/\/komix.com.br\/Eldorath\/wp-json\/wp\/v2\/pages\/154\/revisions"}],"predecessor-version":[{"id":156,"href":"https:\/\/komix.com.br\/Eldorath\/wp-json\/wp\/v2\/pages\/154\/revisions\/156"}],"wp:attachment":[{"href":"https:\/\/komix.com.br\/Eldorath\/wp-json\/wp\/v2\/media?parent=154"}],"curies":[{"name":"wp","href":"https:\/\/api.w.org\/{rel}","templated":true}]}}